{"id":512,"date":"2018-01-29T02:03:35","date_gmt":"2018-01-29T02:03:35","guid":{"rendered":"https:\/\/marbellaselfstorage.com\/home\/"},"modified":"2021-03-03T18:57:55","modified_gmt":"2021-03-03T18:57:55","slug":"home","status":"publish","type":"page","link":"https:\/\/marbellaselfstorage.com\/es\/","title":{"rendered":"Inicio"},"content":{"rendered":"<div id=\"pl-512\"  class=\"panel-layout\" ><div id=\"pg-512-0\"  class=\"panel-grid panel-has-style\" ><div style=\"border-bottom: 1px solid #aaaaaa;padding: 40px 0; \" data-overlay=\"true\" data-overlay-color=\"#000000\" class=\"panel-row-style panel-row-style-for-512-0\" ><div id=\"pgc-512-0-0\"  class=\"panel-grid-cell\" ><div id=\"panel-512-0-0-0\" class=\"so-panel widget widget_media_image panel-first-child panel-last-child\" data-index=\"0\" ><div style=\"text-align: left;\" data-title-color=\"#443f3f\" data-headings-color=\"#443f3f\" class=\"panel-widget-style panel-widget-style-for-512-0-0-0\" ><img loading=\"lazy\" decoding=\"async\" width=\"663\" height=\"500\" src=\"https:\/\/marbellaselfstorage.com\/wp-content\/uploads\/2021\/03\/marbella-selfstorage-home.jpg\" class=\"image wp-image-725  attachment-full size-full\" alt=\"\" style=\"max-width: 100%; height: auto;\" srcset=\"https:\/\/marbellaselfstorage.com\/wp-content\/uploads\/2021\/03\/marbella-selfstorage-home.jpg 663w, https:\/\/marbellaselfstorage.com\/wp-content\/uploads\/2021\/03\/marbella-selfstorage-home-300x226.jpg 300w, https:\/\/marbellaselfstorage.com\/wp-content\/uploads\/2021\/03\/marbella-selfstorage-home-230x173.jpg 230w, https:\/\/marbellaselfstorage.com\/wp-content\/uploads\/2021\/03\/marbella-selfstorage-home-350x264.jpg 350w, https:\/\/marbellaselfstorage.com\/wp-content\/uploads\/2021\/03\/marbella-selfstorage-home-480x362.jpg 480w\" sizes=\"auto, (max-width: 663px) 100vw, 663px\" \/><\/div><\/div><\/div><div id=\"pgc-512-0-1\"  class=\"panel-grid-cell\" ><div id=\"panel-512-0-1-0\" class=\"so-panel widget widget_sow-editor panel-first-child panel-last-child\" data-index=\"1\" ><div style=\"text-align: left;\" data-title-color=\"#443f3f\" data-headings-color=\"#443f3f\" class=\"panel-widget-style panel-widget-style-for-512-0-1-0\" ><div\n\t\t\t\n\t\t\tclass=\"so-widget-sow-editor so-widget-sow-editor-base\"\n\t\t\t\n\t\t><h3 class=\"widget-title\">Marbella Self-Storage<\/h3>\n<div class=\"siteorigin-widget-tinymce textwidget\">\n\t<p>Marbella Self Storage ha abierto su establecimiento en 2006 y no para de crecer.<\/p>\n<p>Perseguimos convertirnos en la mejor empresa de self storage de la Costa del Sol.<\/p>\n<p>Desde\u00a0 Marbella Selfstorage queremos hacer la vida m\u00e1s f\u00e1cil y c\u00f3moda a nuestros clientes, bien sea en su casa o para su negocio, comprendiendo y solucionando sus necesidades de espacio con un servicio personalizado y a medida.<\/p>\n<p>&nbsp;<\/p>\n<p><img loading=\"lazy\" decoding=\"async\" class=\"size-full wp-image-239 alignright\" src=\"http:\/\/marbellaselfstorage.com\/wp-content\/uploads\/2018\/02\/customerservice.jpg\" alt=\"\" width=\"82\" height=\"103\" \/><\/p>\n<h5 class=\"paragraph_style_1\">Hablamos ingl\u00e9s, espa\u00f1ol, franc\u00e9s, sueco<\/h5>\n<h3>Llamanos: <a href=\"tel:0034952811311\">(+34) 952 811 311<\/a><\/h3>\n<\/div>\n<\/div><\/div><\/div><\/div><\/div><\/div><div id=\"pg-512-1\"  class=\"panel-grid panel-has-style\" ><div style=\"border-bottom: 1px solid #aaaaaa;padding: 30px 0; \" data-overlay=\"true\" data-overlay-color=\"#000000\" class=\"panel-row-style panel-row-style-for-512-1\" ><div id=\"pgc-512-1-0\"  class=\"panel-grid-cell\" ><div id=\"panel-512-1-0-0\" class=\"so-panel widget widget_sow-features panel-first-child panel-last-child\" data-index=\"2\" ><div style=\"text-align: left;\" data-title-color=\"#443f3f\" data-headings-color=\"#443f3f\" class=\"panel-widget-style panel-widget-style-for-512-1-0-0\" ><div\n\t\t\t\n\t\t\tclass=\"so-widget-sow-features so-widget-sow-features-default-d93b46bf6171-512\"\n\t\t\t\n\t\t><ul\n\tclass=\"sow-features-list\n\tsow-features-responsive\">\n\n\t\t\t<li\n\t\t\tclass=\"sow-features-feature sow-icon-container-position-top\"\n\t\t\tstyle=\"display: flex; flex-direction: column; width: calc(25% - 25px);\"\n\t\t>\n\t\t\t\n\t\t\t\t\t\t<div\t\t\t\tclass=\"sow-icon-container sow-container-round\"\n\t\t\t\tstyle=\"color: #ffffff; \"\n\t\t\t\t\n\t\t\t\t\t\t\t>\n\t\t\t\t\t\t\t\t\t\t<div class=\"sow-icon-image\" style=\"background-image: url(https:\/\/marbellaselfstorage.com\/wp-content\/uploads\/2018\/02\/icon-security.png); font-size: 24px\"><\/div>\n\t\t\t\t\t\t\t\t\t<\/div>\n\n\t\t\t<div class=\"textwidget\">\n\t\t\t\t\n\t\t\t\t\t\t\t\t\t<h5 class=\"sow-features-feature-title\">\n\t\t\t\t\t\tSistema de seguridad de vanguardia de 24 horas\t\t\t\t\t<\/h5>\n\t\t\t\t\n\t\t\t\t\t\t\t<\/div>\n\t\t\t\t\t\t\t\t<\/li>\n\n\t\t\t<li\n\t\t\tclass=\"sow-features-feature sow-icon-container-position-top\"\n\t\t\tstyle=\"display: flex; flex-direction: column; width: calc(25% - 25px);\"\n\t\t>\n\t\t\t\n\t\t\t\t\t\t<div\t\t\t\tclass=\"sow-icon-container sow-container-round\"\n\t\t\t\tstyle=\"color: #ffffff; \"\n\t\t\t\t\n\t\t\t\t\t\t\t>\n\t\t\t\t\t\t\t\t\t\t<div class=\"sow-icon-image\" style=\"background-image: url(https:\/\/marbellaselfstorage.com\/wp-content\/uploads\/2018\/02\/icon-motion.png); font-size: 24px\"><\/div>\n\t\t\t\t\t\t\t\t\t<\/div>\n\n\t\t\t<div class=\"textwidget\">\n\t\t\t\t\n\t\t\t\t\t\t\t\t\t<h5 class=\"sow-features-feature-title\">\n\t\t\t\t\t\tDetectores de movimiento y humo\t\t\t\t\t<\/h5>\n\t\t\t\t\n\t\t\t\t\t\t\t<\/div>\n\t\t\t\t\t\t\t\t<\/li>\n\n\t\t\t<li\n\t\t\tclass=\"sow-features-feature sow-icon-container-position-top\"\n\t\t\tstyle=\"display: flex; flex-direction: column; width: calc(25% - 25px);\"\n\t\t>\n\t\t\t\n\t\t\t\t\t\t<div\t\t\t\tclass=\"sow-icon-container sow-container-round\"\n\t\t\t\tstyle=\"color: #ffffff; \"\n\t\t\t\t\n\t\t\t\t\t\t\t>\n\t\t\t\t\t\t\t\t\t\t<div class=\"sow-icon-image\" style=\"background-image: url(https:\/\/marbellaselfstorage.com\/wp-content\/uploads\/2018\/02\/icon-camera.png); font-size: 24px\"><\/div>\n\t\t\t\t\t\t\t\t\t<\/div>\n\n\t\t\t<div class=\"textwidget\">\n\t\t\t\t\n\t\t\t\t\t\t\t\t\t<h5 class=\"sow-features-feature-title\">\n\t\t\t\t\t\tC\u00e1maras de vigilancia de TV remota\t\t\t\t\t<\/h5>\n\t\t\t\t\n\t\t\t\t\t\t\t<\/div>\n\t\t\t\t\t\t\t\t<\/li>\n\n\t\t\t<li\n\t\t\tclass=\"sow-features-feature sow-icon-container-position-top\"\n\t\t\tstyle=\"display: flex; flex-direction: column; width: calc(25% - 25px);\"\n\t\t>\n\t\t\t\n\t\t\t\t\t\t<div\t\t\t\tclass=\"sow-icon-container sow-container-round\"\n\t\t\t\tstyle=\"color: #ffffff; \"\n\t\t\t\t\n\t\t\t\t\t\t\t>\n\t\t\t\t\t\t\t\t\t\t<div class=\"sow-icon-image\" style=\"background-image: url(https:\/\/marbellaselfstorage.com\/wp-content\/uploads\/2018\/02\/icon-fire.png); font-size: 24px\"><\/div>\n\t\t\t\t\t\t\t\t\t<\/div>\n\n\t\t\t<div class=\"textwidget\">\n\t\t\t\t\n\t\t\t\t\t\t\t\t\t<h5 class=\"sow-features-feature-title\">\n\t\t\t\t\t\tProtecci\u00f3n completa contra incendios con sistema de rociadores autom\u00e1ticos\t\t\t\t\t<\/h5>\n\t\t\t\t\n\t\t\t\t\t\t\t<\/div>\n\t\t\t\t\t\t\t\t<\/li>\n\n\t<\/ul>\n<\/div><\/div><\/div><\/div><\/div><\/div><div id=\"pg-512-2\"  class=\"panel-grid panel-has-style\" ><div style=\"padding: 20px 0; \" data-overlay=\"true\" data-overlay-color=\"#000000\" class=\"panel-row-style panel-row-style-for-512-2\" ><div id=\"pgc-512-2-0\"  class=\"panel-grid-cell\" ><div id=\"panel-512-2-0-0\" class=\"so-panel widget widget_media_image panel-first-child\" data-index=\"3\" ><div style=\"text-align: center;\" data-title-color=\"#443f3f\" data-headings-color=\"#443f3f\" class=\"panel-widget-style panel-widget-style-for-512-2-0-0\" ><img loading=\"lazy\" decoding=\"async\" width=\"161\" height=\"100\" src=\"https:\/\/marbellaselfstorage.com\/wp-content\/uploads\/2018\/02\/securitas-230x143.jpg\" class=\"image wp-image-310  attachment-161x100 size-161x100\" alt=\"\" style=\"max-width: 100%; height: auto;\" srcset=\"https:\/\/marbellaselfstorage.com\/wp-content\/uploads\/2018\/02\/securitas-230x143.jpg 230w, https:\/\/marbellaselfstorage.com\/wp-content\/uploads\/2018\/02\/securitas.jpg 242w\" sizes=\"auto, (max-width: 161px) 100vw, 161px\" \/><\/div><\/div><div id=\"panel-512-2-0-1\" class=\"so-panel widget widget_sow-editor panel-last-child\" data-index=\"4\" ><div style=\"text-align: left;\" data-title-color=\"#443f3f\" data-headings-color=\"#443f3f\" class=\"panel-widget-style panel-widget-style-for-512-2-0-1\" ><div\n\t\t\t\n\t\t\tclass=\"so-widget-sow-editor so-widget-sow-editor-base\"\n\t\t\t\n\t\t>\n<div class=\"siteorigin-widget-tinymce textwidget\">\n\t<h6 style=\"text-align: center;\">Securitas Direct<\/h6>\n<\/div>\n<\/div><\/div><\/div><\/div><div id=\"pgc-512-2-1\"  class=\"panel-grid-cell\" ><div id=\"panel-512-2-1-0\" class=\"so-panel widget widget_media_image panel-first-child\" data-index=\"5\" ><div style=\"text-align: center;\" data-title-color=\"#443f3f\" data-headings-color=\"#443f3f\" class=\"panel-widget-style panel-widget-style-for-512-2-1-0\" ><img loading=\"lazy\" decoding=\"async\" width=\"381\" height=\"110\" src=\"https:\/\/marbellaselfstorage.com\/wp-content\/uploads\/2018\/02\/reale.jpg\" class=\"image wp-image-315  attachment-full size-full\" alt=\"\" style=\"max-width: 100%; height: auto;\" srcset=\"https:\/\/marbellaselfstorage.com\/wp-content\/uploads\/2018\/02\/reale.jpg 381w, https:\/\/marbellaselfstorage.com\/wp-content\/uploads\/2018\/02\/reale-300x87.jpg 300w, https:\/\/marbellaselfstorage.com\/wp-content\/uploads\/2018\/02\/reale-230x66.jpg 230w, https:\/\/marbellaselfstorage.com\/wp-content\/uploads\/2018\/02\/reale-350x101.jpg 350w\" sizes=\"auto, (max-width: 381px) 100vw, 381px\" \/><\/div><\/div><div id=\"panel-512-2-1-1\" class=\"so-panel widget widget_sow-editor panel-last-child\" data-index=\"6\" ><div style=\"text-align: left;\" data-title-color=\"#443f3f\" data-headings-color=\"#443f3f\" class=\"panel-widget-style panel-widget-style-for-512-2-1-1\" ><div\n\t\t\t\n\t\t\tclass=\"so-widget-sow-editor so-widget-sow-editor-base\"\n\t\t\t\n\t\t>\n<div class=\"siteorigin-widget-tinymce textwidget\">\n\t<h6 style=\"text-align: center;\">Seguro Estrella<\/h6>\n<\/div>\n<\/div><\/div><\/div><\/div><div id=\"pgc-512-2-2\"  class=\"panel-grid-cell\" ><div id=\"panel-512-2-2-0\" class=\"so-panel widget widget_media_image panel-first-child\" data-index=\"7\" ><div style=\"text-align: center;\" data-title-color=\"#443f3f\" data-headings-color=\"#443f3f\" class=\"panel-widget-style panel-widget-style-for-512-2-2-0\" ><img loading=\"lazy\" decoding=\"async\" width=\"293\" height=\"90\" src=\"https:\/\/marbellaselfstorage.com\/wp-content\/uploads\/2018\/02\/tecro-300x92.jpg\" class=\"image wp-image-262  attachment-293x90 size-293x90\" alt=\"\" style=\"max-width: 100%; height: auto;\" srcset=\"https:\/\/marbellaselfstorage.com\/wp-content\/uploads\/2018\/02\/tecro-300x92.jpg 300w, https:\/\/marbellaselfstorage.com\/wp-content\/uploads\/2018\/02\/tecro-230x71.jpg 230w, https:\/\/marbellaselfstorage.com\/wp-content\/uploads\/2018\/02\/tecro-350x107.jpg 350w, https:\/\/marbellaselfstorage.com\/wp-content\/uploads\/2018\/02\/tecro-480x147.jpg 480w, https:\/\/marbellaselfstorage.com\/wp-content\/uploads\/2018\/02\/tecro.jpg 762w\" sizes=\"auto, (max-width: 293px) 100vw, 293px\" \/><\/div><\/div><div id=\"panel-512-2-2-1\" class=\"so-panel widget widget_sow-editor panel-last-child\" data-index=\"8\" ><div style=\"text-align: left;\" data-title-color=\"#443f3f\" data-headings-color=\"#443f3f\" class=\"panel-widget-style panel-widget-style-for-512-2-2-1\" ><div\n\t\t\t\n\t\t\tclass=\"so-widget-sow-editor so-widget-sow-editor-base\"\n\t\t\t\n\t\t>\n<div class=\"siteorigin-widget-tinymce textwidget\">\n\t<h6 style=\"text-align: center;\">Fabricaci\u00f3n de entreplantas<\/h6>\n<\/div>\n<\/div><\/div><\/div><\/div><div id=\"pgc-512-2-3\"  class=\"panel-grid-cell\" ><div id=\"panel-512-2-3-0\" class=\"so-panel widget widget_media_image panel-first-child\" data-index=\"9\" ><div style=\"text-align: center;\" data-title-color=\"#443f3f\" data-headings-color=\"#443f3f\" class=\"panel-widget-style panel-widget-style-for-512-2-3-0\" ><img loading=\"lazy\" decoding=\"async\" width=\"277\" height=\"90\" src=\"https:\/\/marbellaselfstorage.com\/wp-content\/uploads\/2018\/02\/marbella-300x98.jpg\" class=\"image wp-image-263  attachment-277x90 size-277x90\" alt=\"\" style=\"max-width: 100%; height: auto;\" srcset=\"https:\/\/marbellaselfstorage.com\/wp-content\/uploads\/2018\/02\/marbella-300x98.jpg 300w, https:\/\/marbellaselfstorage.com\/wp-content\/uploads\/2018\/02\/marbella-230x75.jpg 230w, https:\/\/marbellaselfstorage.com\/wp-content\/uploads\/2018\/02\/marbella-350x114.jpg 350w, https:\/\/marbellaselfstorage.com\/wp-content\/uploads\/2018\/02\/marbella.jpg 400w\" sizes=\"auto, (max-width: 277px) 100vw, 277px\" \/><\/div><\/div><div id=\"panel-512-2-3-1\" class=\"so-panel widget widget_sow-editor panel-last-child\" data-index=\"10\" ><div style=\"text-align: left;\" data-title-color=\"#443f3f\" data-headings-color=\"#443f3f\" class=\"panel-widget-style panel-widget-style-for-512-2-3-1\" ><div\n\t\t\t\n\t\t\tclass=\"so-widget-sow-editor so-widget-sow-editor-base\"\n\t\t\t\n\t\t>\n<div class=\"siteorigin-widget-tinymce textwidget\">\n\t<h6 style=\"text-align: center;\">Licencia de apertura<\/h6>\n<\/div>\n<\/div><\/div><\/div><\/div><\/div><\/div><\/div>","protected":false},"excerpt":{"rendered":"<p>Marbella Self Storage ha abierto su establecimiento en 2006 y no para de crecer. Perseguimos convertirnos en la mejor empresa de self [&hellip;]<\/p>\n","protected":false},"author":2,"featured_media":0,"parent":0,"menu_order":0,"comment_status":"closed","ping_status":"closed","template":"page-templates\/page_front-page.php","meta":{"footnotes":""},"class_list":["post-512","page","type-page","status-publish","hentry"],"yoast_head":"<!-- This site is optimized with the Yoast SEO plugin v27.6 - https:\/\/yoast.com\/product\/yoast-seo-wordpress\/ -->\n<title>Marbella Self-storage - Nueva Andalucia, Marbella, Costa del Sol<\/title>\n<meta name=\"description\" content=\"proporciona c\u00f3modas unidades de almacenamiento para satisfacer todas sus necesidades, sea que se mude, falta de espacio en el hogar o tenga necesidades comerciales, nosotros, tenemos una soluci\u00f3n para usted.\" \/>\n<meta name=\"robots\" content=\"index, follow, max-snippet:-1, max-image-preview:large, max-video-preview:-1\" \/>\n<link rel=\"canonical\" href=\"https:\/\/marbellaselfstorage.com\/es\/\" \/>\n<meta property=\"og:locale\" content=\"es_ES\" \/>\n<meta property=\"og:type\" content=\"article\" \/>\n<meta property=\"og:title\" content=\"Marbella Self-storage - Nueva Andalucia, Marbella, Costa del Sol\" \/>\n<meta property=\"og:description\" content=\"proporciona c\u00f3modas unidades de almacenamiento para satisfacer todas sus necesidades, sea que se mude, falta de espacio en el hogar o tenga necesidades comerciales, nosotros, tenemos una soluci\u00f3n para usted.\" \/>\n<meta property=\"og:url\" content=\"https:\/\/marbellaselfstorage.com\/es\/\" \/>\n<meta property=\"og:site_name\" content=\"Marbella Self-Storage\" \/>\n<meta property=\"article:modified_time\" content=\"2021-03-03T18:57:55+00:00\" \/>\n<meta property=\"og:image\" content=\"http:\/\/marbellaselfstorage.com\/wp-content\/uploads\/2018\/02\/customerservice.jpg\" \/>\n<meta name=\"twitter:card\" content=\"summary_large_image\" \/>\n<meta name=\"twitter:label1\" content=\"Tiempo de lectura\" \/>\n\t<meta name=\"twitter:data1\" content=\"1 minuto\" \/>\n<script type=\"application\/ld+json\" class=\"yoast-schema-graph\">{\"@context\":\"https:\\\/\\\/schema.org\",\"@graph\":[{\"@type\":\"WebPage\",\"@id\":\"https:\\\/\\\/marbellaselfstorage.com\\\/es\\\/\",\"url\":\"https:\\\/\\\/marbellaselfstorage.com\\\/es\\\/\",\"name\":\"Marbella Self-storage - Nueva Andalucia, Marbella, Costa del Sol\",\"isPartOf\":{\"@id\":\"https:\\\/\\\/marbellaselfstorage.com\\\/es\\\/#website\"},\"primaryImageOfPage\":{\"@id\":\"https:\\\/\\\/marbellaselfstorage.com\\\/es\\\/#primaryimage\"},\"image\":{\"@id\":\"https:\\\/\\\/marbellaselfstorage.com\\\/es\\\/#primaryimage\"},\"thumbnailUrl\":\"http:\\\/\\\/marbellaselfstorage.com\\\/wp-content\\\/uploads\\\/2018\\\/02\\\/customerservice.jpg\",\"datePublished\":\"2018-01-29T02:03:35+00:00\",\"dateModified\":\"2021-03-03T18:57:55+00:00\",\"description\":\"proporciona c\u00f3modas unidades de almacenamiento para satisfacer todas sus necesidades, sea que se mude, falta de espacio en el hogar o tenga necesidades comerciales, nosotros, tenemos una soluci\u00f3n para usted.\",\"breadcrumb\":{\"@id\":\"https:\\\/\\\/marbellaselfstorage.com\\\/es\\\/#breadcrumb\"},\"inLanguage\":\"es\",\"potentialAction\":[{\"@type\":\"ReadAction\",\"target\":[\"https:\\\/\\\/marbellaselfstorage.com\\\/es\\\/\"]}]},{\"@type\":\"ImageObject\",\"inLanguage\":\"es\",\"@id\":\"https:\\\/\\\/marbellaselfstorage.com\\\/es\\\/#primaryimage\",\"url\":\"http:\\\/\\\/marbellaselfstorage.com\\\/wp-content\\\/uploads\\\/2018\\\/02\\\/customerservice.jpg\",\"contentUrl\":\"http:\\\/\\\/marbellaselfstorage.com\\\/wp-content\\\/uploads\\\/2018\\\/02\\\/customerservice.jpg\"},{\"@type\":\"BreadcrumbList\",\"@id\":\"https:\\\/\\\/marbellaselfstorage.com\\\/es\\\/#breadcrumb\",\"itemListElement\":[{\"@type\":\"ListItem\",\"position\":1,\"name\":\"Home\",\"item\":\"https:\\\/\\\/marbellaselfstorage.com\\\/es\\\/\"},{\"@type\":\"ListItem\",\"position\":2,\"name\":\"Inicio\"}]},{\"@type\":\"WebSite\",\"@id\":\"https:\\\/\\\/marbellaselfstorage.com\\\/es\\\/#website\",\"url\":\"https:\\\/\\\/marbellaselfstorage.com\\\/es\\\/\",\"name\":\"Marbella Self-Storage\",\"description\":\"Marbella Self Storage has opened its establishment in 2002 and continues to grow we want to become the best self storage company on the Costa del Sol.\",\"publisher\":{\"@id\":\"https:\\\/\\\/marbellaselfstorage.com\\\/es\\\/#organization\"},\"potentialAction\":[{\"@type\":\"SearchAction\",\"target\":{\"@type\":\"EntryPoint\",\"urlTemplate\":\"https:\\\/\\\/marbellaselfstorage.com\\\/es\\\/?s={search_term_string}\"},\"query-input\":{\"@type\":\"PropertyValueSpecification\",\"valueRequired\":true,\"valueName\":\"search_term_string\"}}],\"inLanguage\":\"es\"},{\"@type\":\"Organization\",\"@id\":\"https:\\\/\\\/marbellaselfstorage.com\\\/es\\\/#organization\",\"name\":\"Marbella Self-storage\",\"url\":\"https:\\\/\\\/marbellaselfstorage.com\\\/es\\\/\",\"logo\":{\"@type\":\"ImageObject\",\"inLanguage\":\"es\",\"@id\":\"https:\\\/\\\/marbellaselfstorage.com\\\/es\\\/#\\\/schema\\\/logo\\\/image\\\/\",\"url\":\"https:\\\/\\\/marbellaselfstorage.com\\\/wp-content\\\/uploads\\\/2018\\\/01\\\/Self-Storage-logo-big-e1517190883172.png\",\"contentUrl\":\"https:\\\/\\\/marbellaselfstorage.com\\\/wp-content\\\/uploads\\\/2018\\\/01\\\/Self-Storage-logo-big-e1517190883172.png\",\"width\":200,\"height\":115,\"caption\":\"Marbella Self-storage\"},\"image\":{\"@id\":\"https:\\\/\\\/marbellaselfstorage.com\\\/es\\\/#\\\/schema\\\/logo\\\/image\\\/\"}}]}<\/script>\n<!-- \/ Yoast SEO plugin. -->","yoast_head_json":{"title":"Marbella Self-storage - Nueva Andalucia, Marbella, Costa del Sol","description":"proporciona c\u00f3modas unidades de almacenamiento para satisfacer todas sus necesidades, sea que se mude, falta de espacio en el hogar o tenga necesidades comerciales, nosotros, tenemos una soluci\u00f3n para usted.","robots":{"index":"index","follow":"follow","max-snippet":"max-snippet:-1","max-image-preview":"max-image-preview:large","max-video-preview":"max-video-preview:-1"},"canonical":"https:\/\/marbellaselfstorage.com\/es\/","og_locale":"es_ES","og_type":"article","og_title":"Marbella Self-storage - Nueva Andalucia, Marbella, Costa del Sol","og_description":"proporciona c\u00f3modas unidades de almacenamiento para satisfacer todas sus necesidades, sea que se mude, falta de espacio en el hogar o tenga necesidades comerciales, nosotros, tenemos una soluci\u00f3n para usted.","og_url":"https:\/\/marbellaselfstorage.com\/es\/","og_site_name":"Marbella Self-Storage","article_modified_time":"2021-03-03T18:57:55+00:00","og_image":[{"url":"http:\/\/marbellaselfstorage.com\/wp-content\/uploads\/2018\/02\/customerservice.jpg","type":"","width":"","height":""}],"twitter_card":"summary_large_image","twitter_misc":{"Tiempo de lectura":"1 minuto"},"schema":{"@context":"https:\/\/schema.org","@graph":[{"@type":"WebPage","@id":"https:\/\/marbellaselfstorage.com\/es\/","url":"https:\/\/marbellaselfstorage.com\/es\/","name":"Marbella Self-storage - Nueva Andalucia, Marbella, Costa del Sol","isPartOf":{"@id":"https:\/\/marbellaselfstorage.com\/es\/#website"},"primaryImageOfPage":{"@id":"https:\/\/marbellaselfstorage.com\/es\/#primaryimage"},"image":{"@id":"https:\/\/marbellaselfstorage.com\/es\/#primaryimage"},"thumbnailUrl":"http:\/\/marbellaselfstorage.com\/wp-content\/uploads\/2018\/02\/customerservice.jpg","datePublished":"2018-01-29T02:03:35+00:00","dateModified":"2021-03-03T18:57:55+00:00","description":"proporciona c\u00f3modas unidades de almacenamiento para satisfacer todas sus necesidades, sea que se mude, falta de espacio en el hogar o tenga necesidades comerciales, nosotros, tenemos una soluci\u00f3n para usted.","breadcrumb":{"@id":"https:\/\/marbellaselfstorage.com\/es\/#breadcrumb"},"inLanguage":"es","potentialAction":[{"@type":"ReadAction","target":["https:\/\/marbellaselfstorage.com\/es\/"]}]},{"@type":"ImageObject","inLanguage":"es","@id":"https:\/\/marbellaselfstorage.com\/es\/#primaryimage","url":"http:\/\/marbellaselfstorage.com\/wp-content\/uploads\/2018\/02\/customerservice.jpg","contentUrl":"http:\/\/marbellaselfstorage.com\/wp-content\/uploads\/2018\/02\/customerservice.jpg"},{"@type":"BreadcrumbList","@id":"https:\/\/marbellaselfstorage.com\/es\/#breadcrumb","itemListElement":[{"@type":"ListItem","position":1,"name":"Home","item":"https:\/\/marbellaselfstorage.com\/es\/"},{"@type":"ListItem","position":2,"name":"Inicio"}]},{"@type":"WebSite","@id":"https:\/\/marbellaselfstorage.com\/es\/#website","url":"https:\/\/marbellaselfstorage.com\/es\/","name":"Marbella Self-Storage","description":"Marbella Self Storage has opened its establishment in 2002 and continues to grow we want to become the best self storage company on the Costa del Sol.","publisher":{"@id":"https:\/\/marbellaselfstorage.com\/es\/#organization"},"potentialAction":[{"@type":"SearchAction","target":{"@type":"EntryPoint","urlTemplate":"https:\/\/marbellaselfstorage.com\/es\/?s={search_term_string}"},"query-input":{"@type":"PropertyValueSpecification","valueRequired":true,"valueName":"search_term_string"}}],"inLanguage":"es"},{"@type":"Organization","@id":"https:\/\/marbellaselfstorage.com\/es\/#organization","name":"Marbella Self-storage","url":"https:\/\/marbellaselfstorage.com\/es\/","logo":{"@type":"ImageObject","inLanguage":"es","@id":"https:\/\/marbellaselfstorage.com\/es\/#\/schema\/logo\/image\/","url":"https:\/\/marbellaselfstorage.com\/wp-content\/uploads\/2018\/01\/Self-Storage-logo-big-e1517190883172.png","contentUrl":"https:\/\/marbellaselfstorage.com\/wp-content\/uploads\/2018\/01\/Self-Storage-logo-big-e1517190883172.png","width":200,"height":115,"caption":"Marbella Self-storage"},"image":{"@id":"https:\/\/marbellaselfstorage.com\/es\/#\/schema\/logo\/image\/"}}]}},"_links":{"self":[{"href":"https:\/\/marbellaselfstorage.com\/es\/wp-json\/wp\/v2\/pages\/512","targetHints":{"allow":["GET"]}}],"collection":[{"href":"https:\/\/marbellaselfstorage.com\/es\/wp-json\/wp\/v2\/pages"}],"about":[{"href":"https:\/\/marbellaselfstorage.com\/es\/wp-json\/wp\/v2\/types\/page"}],"author":[{"embeddable":true,"href":"https:\/\/marbellaselfstorage.com\/es\/wp-json\/wp\/v2\/users\/2"}],"replies":[{"embeddable":true,"href":"https:\/\/marbellaselfstorage.com\/es\/wp-json\/wp\/v2\/comments?post=512"}],"version-history":[{"count":20,"href":"https:\/\/marbellaselfstorage.com\/es\/wp-json\/wp\/v2\/pages\/512\/revisions"}],"predecessor-version":[{"id":728,"href":"https:\/\/marbellaselfstorage.com\/es\/wp-json\/wp\/v2\/pages\/512\/revisions\/728"}],"wp:attachment":[{"href":"https:\/\/marbellaselfstorage.com\/es\/wp-json\/wp\/v2\/media?parent=512"}],"curies":[{"name":"wp","href":"https:\/\/api.w.org\/{rel}","templated":true}]}}